{"id":11,"date":"2024-01-30T22:38:11","date_gmt":"2024-01-30T19:38:11","guid":{"rendered":"http:\/\/mcartwebsite.online\/index.php\/cart\/"},"modified":"2024-02-20T09:43:36","modified_gmt":"2024-02-20T06:43:36","slug":"sepet","status":"publish","type":"page","link":"http:\/\/galbleather.com\/index.php\/sepet\/","title":{"rendered":"Sepet"},"content":{"rendered":"<div data-block-name=\"woocommerce\/cart\" class=\"wp-block-woocommerce-cart alignwide is-loading\"><div data-block-name=\"woocommerce\/filled-cart-block\" class=\"wp-block-woocommerce-filled-cart-block\"><div data-block-name=\"woocommerce\/cart-items-block\" class=\"wp-block-woocommerce-cart-items-block\"><div data-block-name=\"woocommerce\/cart-line-items-block\" class=\"wp-block-woocommerce-cart-line-items-block\"><\/div>\n\n<div data-block-name=\"woocommerce\/cart-cross-sells-block\" class=\"wp-block-woocommerce-cart-cross-sells-block\"><h2 class=\"wp-block-heading has-large-font-size\">You may be interested in\u2026<\/h2>\n\n<div data-block-name=\"woocommerce\/cart-cross-sells-products-block\" class=\"wp-block-woocommerce-cart-cross-sells-products-block\"><\/div><\/div><\/div>\n\n<div data-block-name=\"woocommerce\/cart-totals-block\" class=\"wp-block-woocommerce-cart-totals-block\"><div data-block-name=\"woocommerce\/cart-order-summary-block\" class=\"wp-block-woocommerce-cart-order-summary-block\"><div data-block-name=\"woocommerce\/cart-order-summary-heading-block\" class=\"wp-block-woocommerce-cart-order-summary-heading-block\"><\/div><div data-block-name=\"woocommerce\/cart-order-summary-coupon-form-block\" class=\"wp-block-woocommerce-cart-order-summary-coupon-form-block\"><\/div><div data-block-name=\"woocommerce\/cart-order-summary-totals-block\" class=\"wp-block-woocommerce-cart-order-summary-totals-block\">\n<div data-block-name=\"woocommerce\/cart-order-summary-subtotal-block\" class=\"wp-block-woocommerce-cart-order-summary-subtotal-block\"><\/div>\n<div data-block-name=\"woocommerce\/cart-order-summary-discount-block\" class=\"wp-block-woocommerce-cart-order-summary-discount-block\"><\/div>\n<div data-block-name=\"woocommerce\/cart-order-summary-fee-block\" class=\"wp-block-woocommerce-cart-order-summary-fee-block\"><\/div>\n<div data-block-name=\"woocommerce\/cart-order-summary-shipping-block\" class=\"wp-block-woocommerce-cart-order-summary-shipping-block\"><\/div>\n<div data-block-name=\"woocommerce\/cart-order-summary-taxes-block\" class=\"wp-block-woocommerce-cart-order-summary-taxes-block\"><\/div><\/div><\/div>\n\n<div data-block-name=\"woocommerce\/cart-express-payment-block\" class=\"wp-block-woocommerce-cart-express-payment-block\"><\/div>\n\n<div data-block-name=\"woocommerce\/proceed-to-checkout-block\" class=\"wp-block-woocommerce-proceed-to-checkout-block\"><\/div>\n\n<div data-block-name=\"woocommerce\/cart-accepted-payment-methods-block\" class=\"wp-block-woocommerce-cart-accepted-payment-methods-block\"><\/div><\/div><\/div>\n\n<div data-block-name=\"woocommerce\/empty-cart-block\" class=\"wp-block-woocommerce-empty-cart-block\"><h2 class=\"wp-block-heading has-text-align-center with-empty-cart-icon wc-block-cart__empty-cart__title\">Your cart is currently empty!<\/h2>\n\n<hr class=\"wp-block-separator has-alpha-channel-opacity is-style-dots\"\/>\n\n<h2 class=\"wp-block-heading has-text-align-center\">New in store<\/h2>\n\n<div data-block-name=\"woocommerce\/product-new\" data-columns=\"4\" data-rows=\"1\" class=\"wc-block-grid wp-block-product-new wp-block-woocommerce-product-new wc-block-product-new has-4-columns\"><ul class=\"wc-block-grid__products\"><li class=\"wc-block-grid__product\">\n\t\t\t\t<a href=\"http:\/\/galbleather.com\/index.php\/product\/kadin-siyah-capraz-omuz-cantasi\/\" class=\"wc-block-grid__product-link\">\n\t\t\t\t\t\n\t\t\t\t\t<div class=\"wc-block-grid__product-image\"><img fetchpriority=\"high\" decoding=\"async\" width=\"430\" height=\"645\" src=\"http:\/\/galbleather.com\/wp-content\/uploads\/2026\/04\/1_org_zoom-869-430x645.jpg\" class=\"attachment-woocommerce_thumbnail size-woocommerce_thumbnail\" alt=\"Kadin Siyah Capraz Omuz Cantasi\" srcset=\"http:\/\/galbleather.com\/wp-content\/uploads\/2026\/04\/1_org_zoom-869-430x645.jpg 430w, http:\/\/galbleather.com\/wp-content\/uploads\/2026\/04\/1_org_zoom-869-200x300.jpg 200w, http:\/\/galbleather.com\/wp-content\/uploads\/2026\/04\/1_org_zoom-869-533x800.jpg 533w, http:\/\/galbleather.com\/wp-content\/uploads\/2026\/04\/1_org_zoom-869-768x1152.jpg 768w, http:\/\/galbleather.com\/wp-content\/uploads\/2026\/04\/1_org_zoom-869-1024x1536.jpg 1024w, http:\/\/galbleather.com\/wp-content\/uploads\/2026\/04\/1_org_zoom-869-860x1290.jpg 860w, http:\/\/galbleather.com\/wp-content\/uploads\/2026\/04\/1_org_zoom-869-700x1050.jpg 700w, http:\/\/galbleather.com\/wp-content\/uploads\/2026\/04\/1_org_zoom-869-150x225.jpg 150w, http:\/\/galbleather.com\/wp-content\/uploads\/2026\/04\/1_org_zoom-869.jpg 1200w\" sizes=\"(max-width: 430px) 100vw, 430px\" \/><\/div>\n\t\t\t\t\t<div class=\"wc-block-grid__product-title\">Kadin Siyah Capraz Omuz Cantasi<\/div>\n\t\t\t\t<\/a>\n\t\t\t\t<div class=\"wc-block-grid__product-price price\"><span class=\"woocommerce-Price-amount amount\"><span class=\"woocommerce-Price-currencySymbol\">&#8378;<\/span>1,430.10<\/span><\/div>\n\t\t\t\t\n\t\t\t\t<div class=\"wp-block-button wc-block-grid__product-add-to-cart\"><a href=\"http:\/\/galbleather.com\/index.php\/product\/kadin-siyah-capraz-omuz-cantasi\/\" aria-label=\"&ldquo;Kadin Siyah Capraz Omuz Cantasi&rdquo; i\u00e7in se\u00e7enekleri se\u00e7in\" data-quantity=\"1\" data-product_id=\"16372\" data-product_sku=\"grp-jpm2044\" data-price=\"1430.1\" rel=\"nofollow\" class=\"wp-block-button__link  add_to_cart_button\">Se\u00e7enekler<\/a><\/div>\n\t\t\t<\/li><li class=\"wc-block-grid__product\">\n\t\t\t\t<a href=\"http:\/\/galbleather.com\/index.php\/product\/kadin-omuz-cantasi-jpm2027-krem\/\" class=\"wc-block-grid__product-link\">\n\t\t\t\t\t\n\t\t\t\t\t<div class=\"wc-block-grid__product-image\"><img decoding=\"async\" width=\"430\" height=\"645\" src=\"http:\/\/galbleather.com\/wp-content\/uploads\/2026\/04\/1_org_zoom-862-430x645.jpg\" class=\"attachment-woocommerce_thumbnail size-woocommerce_thumbnail\" alt=\"Kadin Omuz Cantasi Jpm2027 Krem\" srcset=\"http:\/\/galbleather.com\/wp-content\/uploads\/2026\/04\/1_org_zoom-862-430x645.jpg 430w, http:\/\/galbleather.com\/wp-content\/uploads\/2026\/04\/1_org_zoom-862-200x300.jpg 200w, http:\/\/galbleather.com\/wp-content\/uploads\/2026\/04\/1_org_zoom-862-533x800.jpg 533w, http:\/\/galbleather.com\/wp-content\/uploads\/2026\/04\/1_org_zoom-862-768x1152.jpg 768w, http:\/\/galbleather.com\/wp-content\/uploads\/2026\/04\/1_org_zoom-862-1024x1536.jpg 1024w, http:\/\/galbleather.com\/wp-content\/uploads\/2026\/04\/1_org_zoom-862-860x1290.jpg 860w, http:\/\/galbleather.com\/wp-content\/uploads\/2026\/04\/1_org_zoom-862-700x1050.jpg 700w, http:\/\/galbleather.com\/wp-content\/uploads\/2026\/04\/1_org_zoom-862-150x225.jpg 150w, http:\/\/galbleather.com\/wp-content\/uploads\/2026\/04\/1_org_zoom-862.jpg 1200w\" sizes=\"(max-width: 430px) 100vw, 430px\" \/><\/div>\n\t\t\t\t\t<div class=\"wc-block-grid__product-title\">Kadin Omuz Cantasi Jpm2027 Krem<\/div>\n\t\t\t\t<\/a>\n\t\t\t\t<div class=\"wc-block-grid__product-price price\"><span class=\"woocommerce-Price-amount amount\"><span class=\"woocommerce-Price-currencySymbol\">&#8378;<\/span>1,304.10<\/span><\/div>\n\t\t\t\t\n\t\t\t\t<div class=\"wp-block-button wc-block-grid__product-add-to-cart\"><a href=\"http:\/\/galbleather.com\/index.php\/product\/kadin-omuz-cantasi-jpm2027-krem\/\" aria-label=\"&ldquo;Kadin Omuz Cantasi Jpm2027 Krem&rdquo; i\u00e7in se\u00e7enekleri se\u00e7in\" data-quantity=\"1\" data-product_id=\"16354\" data-product_sku=\"grp-jpm2027\" data-price=\"1304.1\" rel=\"nofollow\" class=\"wp-block-button__link  add_to_cart_button\">Se\u00e7enekler<\/a><\/div>\n\t\t\t<\/li><li class=\"wc-block-grid__product\">\n\t\t\t\t<a href=\"http:\/\/galbleather.com\/index.php\/product\/kadin-kahverengi-omuz-cantasi\/\" class=\"wc-block-grid__product-link\">\n\t\t\t\t\t\n\t\t\t\t\t<div class=\"wc-block-grid__product-image\"><img decoding=\"async\" width=\"430\" height=\"645\" src=\"http:\/\/galbleather.com\/wp-content\/uploads\/2026\/04\/1_org_zoom-854-430x645.jpg\" class=\"attachment-woocommerce_thumbnail size-woocommerce_thumbnail\" alt=\"Kadin Kahverengi Omuz Cantasi\" srcset=\"http:\/\/galbleather.com\/wp-content\/uploads\/2026\/04\/1_org_zoom-854-430x645.jpg 430w, http:\/\/galbleather.com\/wp-content\/uploads\/2026\/04\/1_org_zoom-854-200x300.jpg 200w, http:\/\/galbleather.com\/wp-content\/uploads\/2026\/04\/1_org_zoom-854-533x800.jpg 533w, http:\/\/galbleather.com\/wp-content\/uploads\/2026\/04\/1_org_zoom-854-768x1152.jpg 768w, http:\/\/galbleather.com\/wp-content\/uploads\/2026\/04\/1_org_zoom-854-1024x1536.jpg 1024w, http:\/\/galbleather.com\/wp-content\/uploads\/2026\/04\/1_org_zoom-854-860x1290.jpg 860w, http:\/\/galbleather.com\/wp-content\/uploads\/2026\/04\/1_org_zoom-854-700x1050.jpg 700w, http:\/\/galbleather.com\/wp-content\/uploads\/2026\/04\/1_org_zoom-854-150x225.jpg 150w, http:\/\/galbleather.com\/wp-content\/uploads\/2026\/04\/1_org_zoom-854.jpg 1200w\" sizes=\"(max-width: 430px) 100vw, 430px\" \/><\/div>\n\t\t\t\t\t<div class=\"wc-block-grid__product-title\">Kadin Kahverengi Omuz Cantasi<\/div>\n\t\t\t\t<\/a>\n\t\t\t\t<div class=\"wc-block-grid__product-price price\"><span class=\"woocommerce-Price-amount amount\"><span class=\"woocommerce-Price-currencySymbol\">&#8378;<\/span>1,304.10<\/span><\/div>\n\t\t\t\t\n\t\t\t\t<div class=\"wp-block-button wc-block-grid__product-add-to-cart\"><a href=\"http:\/\/galbleather.com\/index.php\/product\/kadin-kahverengi-omuz-cantasi\/\" aria-label=\"&ldquo;Kadin Kahverengi Omuz Cantasi&rdquo; i\u00e7in se\u00e7enekleri se\u00e7in\" data-quantity=\"1\" data-product_id=\"16327\" data-product_sku=\"grp-jpm2055\" data-price=\"1304.1\" rel=\"nofollow\" class=\"wp-block-button__link  add_to_cart_button\">Se\u00e7enekler<\/a><\/div>\n\t\t\t<\/li><li class=\"wc-block-grid__product\">\n\t\t\t\t<a href=\"http:\/\/galbleather.com\/index.php\/product\/kadin-omuz-cantasi-jpm2057-kahve\/\" class=\"wc-block-grid__product-link\">\n\t\t\t\t\t\n\t\t\t\t\t<div class=\"wc-block-grid__product-image\"><img loading=\"lazy\" decoding=\"async\" width=\"430\" height=\"645\" src=\"http:\/\/galbleather.com\/wp-content\/uploads\/2026\/04\/1_org_zoom-846-430x645.jpg\" class=\"attachment-woocommerce_thumbnail size-woocommerce_thumbnail\" alt=\"Kadin Omuz Cantasi Jpm2057 Kahve\" srcset=\"http:\/\/galbleather.com\/wp-content\/uploads\/2026\/04\/1_org_zoom-846-430x645.jpg 430w, http:\/\/galbleather.com\/wp-content\/uploads\/2026\/04\/1_org_zoom-846-200x300.jpg 200w, http:\/\/galbleather.com\/wp-content\/uploads\/2026\/04\/1_org_zoom-846-533x800.jpg 533w, http:\/\/galbleather.com\/wp-content\/uploads\/2026\/04\/1_org_zoom-846-768x1152.jpg 768w, http:\/\/galbleather.com\/wp-content\/uploads\/2026\/04\/1_org_zoom-846-1024x1536.jpg 1024w, http:\/\/galbleather.com\/wp-content\/uploads\/2026\/04\/1_org_zoom-846-860x1290.jpg 860w, http:\/\/galbleather.com\/wp-content\/uploads\/2026\/04\/1_org_zoom-846-700x1050.jpg 700w, http:\/\/galbleather.com\/wp-content\/uploads\/2026\/04\/1_org_zoom-846-150x225.jpg 150w, http:\/\/galbleather.com\/wp-content\/uploads\/2026\/04\/1_org_zoom-846.jpg 1200w\" sizes=\"(max-width: 430px) 100vw, 430px\" \/><\/div>\n\t\t\t\t\t<div class=\"wc-block-grid__product-title\">Kadin Omuz Cantasi Jpm2057 Kahve<\/div>\n\t\t\t\t<\/a>\n\t\t\t\t<div class=\"wc-block-grid__product-price price\"><span class=\"woocommerce-Price-amount amount\"><span class=\"woocommerce-Price-currencySymbol\">&#8378;<\/span>1,304.10<\/span><\/div>\n\t\t\t\t\n\t\t\t\t<div class=\"wp-block-button wc-block-grid__product-add-to-cart\"><a href=\"http:\/\/galbleather.com\/index.php\/product\/kadin-omuz-cantasi-jpm2057-kahve\/\" aria-label=\"&ldquo;Kadin Omuz Cantasi Jpm2057 Kahve&rdquo; i\u00e7in se\u00e7enekleri se\u00e7in\" data-quantity=\"1\" data-product_id=\"16299\" data-product_sku=\"grp-jpm2057\" data-price=\"1304.1\" rel=\"nofollow\" class=\"wp-block-button__link  add_to_cart_button\">Se\u00e7enekler<\/a><\/div>\n\t\t\t<\/li><\/ul><\/div><\/div><\/div>","protected":false},"excerpt":{"rendered":"","protected":false},"author":1,"featured_media":0,"parent":0,"menu_order":0,"comment_status":"closed","ping_status":"closed","template":"","meta":{"footnotes":""},"class_list":["post-11","page","type-page","status-publish","hentry"],"_links":{"self":[{"href":"http:\/\/galbleather.com\/index.php\/wp-json\/wp\/v2\/pages\/11","targetHints":{"allow":["GET"]}}],"collection":[{"href":"http:\/\/galbleather.com\/index.php\/wp-json\/wp\/v2\/pages"}],"about":[{"href":"http:\/\/galbleather.com\/index.php\/wp-json\/wp\/v2\/types\/page"}],"author":[{"embeddable":true,"href":"http:\/\/galbleather.com\/index.php\/wp-json\/wp\/v2\/users\/1"}],"replies":[{"embeddable":true,"href":"http:\/\/galbleather.com\/index.php\/wp-json\/wp\/v2\/comments?post=11"}],"version-history":[{"count":1,"href":"http:\/\/galbleather.com\/index.php\/wp-json\/wp\/v2\/pages\/11\/revisions"}],"predecessor-version":[{"id":13300,"href":"http:\/\/galbleather.com\/index.php\/wp-json\/wp\/v2\/pages\/11\/revisions\/13300"}],"wp:attachment":[{"href":"http:\/\/galbleather.com\/index.php\/wp-json\/wp\/v2\/media?parent=11"}],"curies":[{"name":"wp","href":"https:\/\/api.w.org\/{rel}","templated":true}]}}